{"id":31176,"date":"2017-12-11T16:47:42","date_gmt":"2017-12-11T15:47:42","guid":{"rendered":"http:\/\/mgtc.fr\/contactez-nous\/"},"modified":"2019-10-17T11:23:09","modified_gmt":"2019-10-17T09:23:09","slug":"contactez-nous","status":"publish","type":"page","link":"https:\/\/mgtc.fr\/fr\/contactez-nous\/","title":{"rendered":"Contactez-nous"},"content":{"rendered":"<p>[vc_row el_class=\u00a0\u00bbfond-white\u00a0\u00bb][vc_column el_class=\u00a0\u00bbcontent-white\u00a0\u00bb][vc_column_text]<\/p>\n<div class=\"wpb_text_column wpb_content_element child\">\n<div class=\"wpb_wrapper\">\n<p style=\"text-align: center\"><span style=\"vertical-align: inherit\"><span style=\"vertical-align: inherit\">Situ\u00e9 dans le coeur touristique de Paris, jeunes &amp; passionn\u00e9s explorateurs du monde, notre culture indienne combin\u00e9e \u00e0 la french touch apportent une saveur particuli\u00e8re \u00e0 notre \u00e9quipe.<\/span><\/span><\/p>\n<p style=\"text-align: center\"><span style=\"vertical-align: inherit\"><span style=\"vertical-align: inherit\">Curieux &amp; aventureux, nous sommes \u00e0 la recherche de nouveau challenge.<\/span><\/span><\/p>\n<p style=\"text-align: center\"><span style=\"vertical-align: inherit\"><span style=\"vertical-align: inherit\">Nous sommes l\u00e0 pour concr\u00e9tiser votre projet de l&rsquo;impossible au possible.<\/span><\/span>Disponible &amp; tr\u00e8s flexible, notre \u00e9quipe est op\u00e9rationnel 24\/7.<\/p>\n<\/div>\n<\/div>\n<div class=\"wpb_text_column wpb_content_element child\"><\/div>\n<p>[\/vc_column_text][vc_single_image image=\u00a0\u00bb30597&Prime; img_size=\u00a0\u00bbmedium\u00a0\u00bb alignment=\u00a0\u00bbcenter\u00a0\u00bb][vc_column_text]<\/p>\n<h2 style=\"text-align: center\">Rencontrez l&rsquo;\u00e9quipe<\/h2>\n<p>[\/vc_column_text]<div class=\"gem-team row inline-row gem-team-style-5\">\n<div class=\"col-md-4 col-sm-6 col-xs-12 inline-column\"> <div id=\"post-31182\" class=\"team-person centered-box default-background post-31182 thegem_team_person type-thegem_team_person status-publish hentry\"><div class=\"team-person-hover\"> <div class=\"team-person-info\"> <div class=\"team-person-name title-h5\">MOHITA GUPTA<\/div> <div class=\"team-person-position date-color\">CEO<\/div> <div class=\"team-person-description\"><p><span style=\"vertical-align: inherit\"><span style=\"vertical-align: inherit\"><span style=\"vertical-align: inherit\"><span style=\"vertical-align: inherit\">Mohita a 18 ans d&rsquo;exp\u00e9rience en Europe, son origine indienne facilite la s\u00e9lection de produits appropri\u00e9s \u00e0 nos clients.\u00a0<\/span><\/span><\/span><\/span><\/p>\n<p>15ans de voyage en Inde &amp; Asie, elle est experte dans cette r\u00e9gion.<\/p>\n<p>Elle aime proposer de nouvelles id\u00e9es, nouveaux itin\u00e9raires, lieux d&rsquo;\u00e9v\u00e8nement &amp; place secr\u00e8te.<\/p>\n<p><span style=\"vertical-align: inherit\"><span style=\"vertical-align: inherit\"><span style=\"vertical-align: inherit\"><span style=\"vertical-align: inherit\">Son leitmotif:<\/span><\/span><\/span><\/span><\/p>\n<p><span style=\"vertical-align: inherit\"><span style=\"vertical-align: inherit\"><span style=\"vertical-align: inherit\"><span style=\"vertical-align: inherit\">\u00ab\u00a0Le Client avant tout\u00a0\u00bb<\/span><\/span><\/span><\/span><\/p>\n<\/div> <\/div> <div class=\"socials team-person-socials socials-colored-hover\"><a title=\"LinkedIn\" target=\"_blank\" href=\"https:\/\/www.linkedin.com\/in\/mohita-gupta-316a6a4b\/\" class=\"socials-item\"><i class=\"socials-item-icon social-item-square linkedin\"><\/i><\/a><\/div>\t<\/div><\/div>\n<\/div> <div class=\"col-md-4 col-sm-6 col-xs-12 inline-column\"> <div id=\"post-31183\" class=\"team-person centered-box default-background post-31183 thegem_team_person type-thegem_team_person status-publish hentry\"><div class=\"team-person-hover\"> <div class=\"team-person-info\"> <div class=\"team-person-name title-h5\">FREDERIC TESSIER<\/div> <div class=\"team-person-position date-color\">ASSOCIE<\/div> <div class=\"team-person-description\"><p>Frederic a 17ans d&rsquo;exp\u00e9rience dans la production\/post-production TV, les demandes de derni\u00e8re minute ne sont pas un probl\u00e8me pour lui.<\/p>\n<p>Il aime relever les d\u00e9fis, cr\u00e9er des projets sur-mesure &amp; flexible.<\/p>\n<p>Son leitmotiv:<\/p>\n<p>\u00ab\u00a0De solide connexions sont les cl\u00e9s du succ\u00e8s\u00a0\u00bb<\/p>\n<\/div> <div class=\"team-person-phone styled-subtitle\">01 43 37 16 63<\/div> <\/div> <div class=\"socials team-person-socials socials-colored-hover\"><a title=\"LinkedIn\" target=\"_blank\" href=\"https:\/\/www.linkedin.com\/in\/fr\u00e9d\u00e9ric-tessier-8aa3142b\/\" class=\"socials-item\"><i class=\"socials-item-icon social-item-square linkedin\"><\/i><\/a><\/div>\t<\/div><\/div>\n<\/div> <div class=\"col-md-4 col-sm-6 col-xs-12 inline-column\"> <div id=\"post-31184\" class=\"team-person centered-box default-background post-31184 thegem_team_person type-thegem_team_person status-publish hentry\"><div class=\"team-person-hover\"> <div class=\"team-person-info\"> <div class=\"team-person-name title-h5\">FREDERIC PORTE<\/div> <div class=\"team-person-position date-color\">ASSOCIE<\/div> <div class=\"team-person-description\"><p>Fr\u00e9d\u00e9ric Porte a 25ans d&rsquo;exp\u00e9rience dans l&rsquo;op\u00e9rationnel &amp; a collabor\u00e9 avec des agences touristiques &amp; \u00e9v\u00e8nementielles Fran\u00e7aises &amp; Internationales.<\/p>\n<p>Il poss\u00e8de un large panel de connexion.<\/p>\n<p>Son Leitmotiv:<\/p>\n<p>\u00ab\u00a0Cr\u00e9er &amp; Innover\u00a0\u00bb<\/p>\n<\/div> <div class=\"team-person-phone styled-subtitle\">01 43 37 16 63<\/div> <\/div> <\/div><\/div>\n<\/div>\n<\/div>[vc_single_image image=\u00a0\u00bb30597&Prime; img_size=\u00a0\u00bbmedium\u00a0\u00bb alignment=\u00a0\u00bbcenter\u00a0\u00bb][\/vc_column][\/vc_row][vc_row][vc_column el_class=\u00a0\u00bbbloc-contact\u00a0\u00bb][vc_column_text]<\/p>\n<h2 style=\"text-align: center\">Nos bureaux<\/h2>\n<p>[\/vc_column_text][vc_single_image image=\u00a0\u00bb30650&Prime; img_size=\u00a0\u00bbfull\u00a0\u00bb][vc_row_inner][vc_column_inner width=\u00a0\u00bb1\/3&Prime;][vc_single_image image=\u00a0\u00bb30712&Prime; alignment=\u00a0\u00bbcenter\u00a0\u00bb][vc_column_text]<\/p>\n<p style=\"text-align: center\">17 Rue du Laos<br \/>\n75015 Paris<br \/>\nFrance<\/p>\n<p>[\/vc_column_text][\/vc_column_inner][vc_column_inner width=\u00a0\u00bb1\/3&Prime;][vc_single_image image=\u00a0\u00bb30719&Prime; add_caption=\u00a0\u00bbyes\u00a0\u00bb alignment=\u00a0\u00bbcenter\u00a0\u00bb][vc_column_text]<\/p>\n<p style=\"text-align: center\">+33 1 43 37 16 63<\/p>\n<p>[\/vc_column_text][\/vc_column_inner][vc_column_inner width=\u00a0\u00bb1\/3&Prime;][vc_single_image image=\u00a0\u00bb30716&Prime; add_caption=\u00a0\u00bbyes\u00a0\u00bb alignment=\u00a0\u00bbcenter\u00a0\u00bb][vc_column_text]<\/p>\n<p style=\"text-align: center\">10h00 \u00e0 20h00<br \/>\nGTM+1<\/p>\n<p>[\/vc_column_text][\/vc_column_inner][\/vc_row_inner][vc_column_text]<\/p>\n<h2 style=\"text-align: center\">Contactez-nous<\/h2>\n<p>[\/vc_column_text]<div role=\"form\" class=\"wpcf7\" id=\"wpcf7-f31210-o1\" lang=\"en-US\" dir=\"ltr\">\n<div class=\"screen-reader-response\"><p role=\"status\" aria-live=\"polite\" aria-atomic=\"true\"><\/p> <ul><\/ul><\/div>\n<form action=\"\/fr\/wp-json\/wp\/v2\/pages\/31176#wpcf7-f31210-o1\" method=\"post\" class=\"wpcf7-form init gem-contact-form-white\" novalidate=\"novalidate\" data-status=\"init\">\n<div style=\"display: none;\">\n<input type=\"hidden\" name=\"_wpcf7\" value=\"31210\" \/>\n<input type=\"hidden\" name=\"_wpcf7_version\" value=\"5.5.3\" \/>\n<input type=\"hidden\" name=\"_wpcf7_locale\" value=\"en_US\" \/>\n<input type=\"hidden\" name=\"_wpcf7_unit_tag\" value=\"wpcf7-f31210-o1\" \/>\n<input type=\"hidden\" name=\"_wpcf7_container_post\" value=\"0\" \/>\n<input type=\"hidden\" name=\"_wpcf7_posted_data_hash\" value=\"\" \/>\n<\/div>\n<div class=\"contact-form-style-3\">\n<p class=\"col-md-4 cf-style3-name\"><span class=\"wpcf7-form-control-wrap sender\"><input type=\"text\" name=\"sender\" value=\"\" size=\"40\" class=\"wpcf7-form-control wpcf7-text wpcf7-validates-as-required\" aria-required=\"true\" aria-invalid=\"false\" placeholder=\"Votre nom*\" \/><\/span><\/p>\n<p class=\"col-md-4 cf-style3-email\"><span class=\"wpcf7-form-control-wrap mail\"><input type=\"email\" name=\"mail\" value=\"\" size=\"40\" class=\"wpcf7-form-control wpcf7-text wpcf7-email wpcf7-validates-as-required wpcf7-validates-as-email\" aria-required=\"true\" aria-invalid=\"false\" placeholder=\"Votre email*\" \/><\/span><\/p>\n<p class=\"col-md-4 cf-style3-country\"><span class=\"wpcf7-form-control-wrap country\"><input type=\"text\" name=\"country\" value=\"\" size=\"40\" class=\"wpcf7-form-control wpcf7-text\" aria-invalid=\"false\" placeholder=\"Votre pays*\" \/><\/span><\/p>\n<p class=\"col-md-12 cf-style3-textarea\"><span class=\"wpcf7-form-control-wrap Message\"><textarea name=\"Message\" cols=\"40\" rows=\"10\" class=\"wpcf7-form-control wpcf7-textarea wpcf7-validates-as-required\" aria-required=\"true\" aria-invalid=\"false\" placeholder=\"Votre message*\"><\/textarea><\/span><\/p>\n<div class=\"col-md-12\" >\n<p class=\"submit-button-form\"><input type=\"submit\" value=\"Contactez-nous\" class=\"wpcf7-form-control has-spinner wpcf7-submit\" \/><\/p>\n<\/div>\n<\/div>\n<p style=\"display: none !important;\"><label>&#916;<textarea name=\"_wpcf7_ak_hp_textarea\" cols=\"45\" rows=\"8\" maxlength=\"100\"><\/textarea><\/label><input type=\"hidden\" id=\"ak_js_1\" name=\"_wpcf7_ak_js\" value=\"184\"\/><script>document.getElementById( \"ak_js_1\" ).setAttribute( \"value\", ( new Date() ).getTime() );<\/script><\/p><div class=\"wpcf7-response-output\" aria-hidden=\"true\"><\/div><\/form><\/div>[vc_single_image image=\u00a0\u00bb30597&Prime; img_size=\u00a0\u00bbmedium\u00a0\u00bb alignment=\u00a0\u00bbcenter\u00a0\u00bb][\/vc_column][\/vc_row]<\/p>\n","protected":false},"excerpt":{"rendered":"<p>[vc_row el_class=\u00a0\u00bbfond-white\u00a0\u00bb][vc_column el_class=\u00a0\u00bbcontent-white\u00a0\u00bb][vc_column_text] Situ\u00e9 dans le coeur touristique de Paris, jeunes &amp; passionn\u00e9s explorateurs du monde, notre culture indienne combin\u00e9e&#8230;<\/p>\n","protected":false},"author":1,"featured_media":0,"parent":0,"menu_order":0,"comment_status":"closed","ping_status":"closed","template":"","meta":[],"yoast_head":"<!-- This site is optimized with the Yoast SEO plugin v19.4 - https:\/\/yoast.com\/wordpress\/plugins\/seo\/ -->\n<title>Contactez-nous - MGTC<\/title>\n<meta name=\"robots\" content=\"index, follow, max-snippet:-1, max-image-preview:large, max-video-preview:-1\" \/>\n<link rel=\"canonical\" href=\"https:\/\/mgtc.fr\/fr\/contactez-nous\/\" \/>\n<meta property=\"og:locale\" content=\"fr_FR\" \/>\n<meta property=\"og:type\" content=\"article\" \/>\n<meta property=\"og:title\" content=\"Contactez-nous - MGTC\" \/>\n<meta property=\"og:description\" content=\"[vc_row el_class=\u00a0\u00bbfond-white\u00a0\u00bb][vc_column el_class=\u00a0\u00bbcontent-white\u00a0\u00bb][vc_column_text] Situ\u00e9 dans le coeur touristique de Paris, jeunes &amp; passionn\u00e9s explorateurs du monde, notre culture indienne combin\u00e9e...\" \/>\n<meta property=\"og:url\" content=\"https:\/\/mgtc.fr\/fr\/contactez-nous\/\" \/>\n<meta property=\"og:site_name\" content=\"MGTC\" \/>\n<meta property=\"article:modified_time\" content=\"2019-10-17T09:23:09+00:00\" \/>\n<meta name=\"twitter:card\" content=\"summary\" \/>\n<meta name=\"twitter:label1\" content=\"Dur\u00e9e de lecture estim\u00e9e\" \/>\n\t<meta name=\"twitter:data1\" content=\"1 minute\" \/>\n<script type=\"application\/ld+json\" class=\"yoast-schema-graph\">{\"@context\":\"https:\/\/schema.org\",\"@graph\":[{\"@type\":\"WebSite\",\"@id\":\"https:\/\/mgtc.fr\/#website\",\"url\":\"https:\/\/mgtc.fr\/\",\"name\":\"MGTC\",\"description\":\"Europe Welcomes the World\",\"potentialAction\":[{\"@type\":\"SearchAction\",\"target\":{\"@type\":\"EntryPoint\",\"urlTemplate\":\"https:\/\/mgtc.fr\/?s={search_term_string}\"},\"query-input\":\"required name=search_term_string\"}],\"inLanguage\":\"fr-FR\"},{\"@type\":\"WebPage\",\"@id\":\"https:\/\/mgtc.fr\/fr\/contactez-nous\/\",\"url\":\"https:\/\/mgtc.fr\/fr\/contactez-nous\/\",\"name\":\"Contactez-nous - MGTC\",\"isPartOf\":{\"@id\":\"https:\/\/mgtc.fr\/#website\"},\"datePublished\":\"2017-12-11T15:47:42+00:00\",\"dateModified\":\"2019-10-17T09:23:09+00:00\",\"breadcrumb\":{\"@id\":\"https:\/\/mgtc.fr\/fr\/contactez-nous\/#breadcrumb\"},\"inLanguage\":\"fr-FR\",\"potentialAction\":[{\"@type\":\"ReadAction\",\"target\":[\"https:\/\/mgtc.fr\/fr\/contactez-nous\/\"]}]},{\"@type\":\"BreadcrumbList\",\"@id\":\"https:\/\/mgtc.fr\/fr\/contactez-nous\/#breadcrumb\",\"itemListElement\":[{\"@type\":\"ListItem\",\"position\":1,\"name\":\"Accueil\",\"item\":\"https:\/\/mgtc.fr\/fr\/\"},{\"@type\":\"ListItem\",\"position\":2,\"name\":\"Contactez-nous\"}]}]}<\/script>\n<!-- \/ Yoast SEO plugin. -->","yoast_head_json":{"title":"Contactez-nous - MGTC","robots":{"index":"index","follow":"follow","max-snippet":"max-snippet:-1","max-image-preview":"max-image-preview:large","max-video-preview":"max-video-preview:-1"},"canonical":"https:\/\/mgtc.fr\/fr\/contactez-nous\/","og_locale":"fr_FR","og_type":"article","og_title":"Contactez-nous - MGTC","og_description":"[vc_row el_class=\u00a0\u00bbfond-white\u00a0\u00bb][vc_column el_class=\u00a0\u00bbcontent-white\u00a0\u00bb][vc_column_text] Situ\u00e9 dans le coeur touristique de Paris, jeunes &amp; passionn\u00e9s explorateurs du monde, notre culture indienne combin\u00e9e...","og_url":"https:\/\/mgtc.fr\/fr\/contactez-nous\/","og_site_name":"MGTC","article_modified_time":"2019-10-17T09:23:09+00:00","twitter_card":"summary","twitter_misc":{"Dur\u00e9e de lecture estim\u00e9e":"1 minute"},"schema":{"@context":"https:\/\/schema.org","@graph":[{"@type":"WebSite","@id":"https:\/\/mgtc.fr\/#website","url":"https:\/\/mgtc.fr\/","name":"MGTC","description":"Europe Welcomes the World","potentialAction":[{"@type":"SearchAction","target":{"@type":"EntryPoint","urlTemplate":"https:\/\/mgtc.fr\/?s={search_term_string}"},"query-input":"required name=search_term_string"}],"inLanguage":"fr-FR"},{"@type":"WebPage","@id":"https:\/\/mgtc.fr\/fr\/contactez-nous\/","url":"https:\/\/mgtc.fr\/fr\/contactez-nous\/","name":"Contactez-nous - MGTC","isPartOf":{"@id":"https:\/\/mgtc.fr\/#website"},"datePublished":"2017-12-11T15:47:42+00:00","dateModified":"2019-10-17T09:23:09+00:00","breadcrumb":{"@id":"https:\/\/mgtc.fr\/fr\/contactez-nous\/#breadcrumb"},"inLanguage":"fr-FR","potentialAction":[{"@type":"ReadAction","target":["https:\/\/mgtc.fr\/fr\/contactez-nous\/"]}]},{"@type":"BreadcrumbList","@id":"https:\/\/mgtc.fr\/fr\/contactez-nous\/#breadcrumb","itemListElement":[{"@type":"ListItem","position":1,"name":"Accueil","item":"https:\/\/mgtc.fr\/fr\/"},{"@type":"ListItem","position":2,"name":"Contactez-nous"}]}]}},"_links":{"self":[{"href":"https:\/\/mgtc.fr\/fr\/wp-json\/wp\/v2\/pages\/31176"}],"collection":[{"href":"https:\/\/mgtc.fr\/fr\/wp-json\/wp\/v2\/pages"}],"about":[{"href":"https:\/\/mgtc.fr\/fr\/wp-json\/wp\/v2\/types\/page"}],"author":[{"embeddable":true,"href":"https:\/\/mgtc.fr\/fr\/wp-json\/wp\/v2\/users\/1"}],"replies":[{"embeddable":true,"href":"https:\/\/mgtc.fr\/fr\/wp-json\/wp\/v2\/comments?post=31176"}],"version-history":[{"count":10,"href":"https:\/\/mgtc.fr\/fr\/wp-json\/wp\/v2\/pages\/31176\/revisions"}],"predecessor-version":[{"id":31339,"href":"https:\/\/mgtc.fr\/fr\/wp-json\/wp\/v2\/pages\/31176\/revisions\/31339"}],"wp:attachment":[{"href":"https:\/\/mgtc.fr\/fr\/wp-json\/wp\/v2\/media?parent=31176"}],"curies":[{"name":"wp","href":"https:\/\/api.w.org\/{rel}","templated":true}]}}